{"id":171,"date":"2023-06-28T08:12:56","date_gmt":"2023-06-28T11:12:56","guid":{"rendered":"https:\/\/pejprev.com.br\/blog\/?page_id=171"},"modified":"2023-07-25T15:19:21","modified_gmt":"2023-07-25T18:19:21","slug":"materiais","status":"publish","type":"page","link":"https:\/\/pejprev.com.br\/blog\/materiais\/","title":{"rendered":"Materiais"},"content":{"rendered":"\t\t<div data-elementor-type=\"wp-page\" data-elementor-id=\"171\" class=\"elementor elementor-171\" data-elementor-post-type=\"page\">\n\t\t\t\t\t\t\t\t\t<section class=\"elementor-section elementor-top-section elementor-element elementor-element-5625dcf elementor-section-height-min-height elementor-section-boxed elementor-section-height-default elementor-section-items-middle\" data-id=\"5625dcf\" data-element_type=\"section\" data-settings=\"{&quot;background_background&quot;:&quot;classic&quot;}\">\n\t\t\t\t\t\t\t<div class=\"elementor-background-overlay\"><\/div>\n\t\t\t\t\t\t\t<div class=\"elementor-container elementor-column-gap-default\">\n\t\t\t\t\t<div class=\"elementor-column elementor-col-100 elementor-top-column elementor-element elementor-element-1fd99d1\" data-id=\"1fd99d1\" data-element_type=\"column\">\n\t\t\t<div class=\"elementor-widget-wrap elementor-element-populated\">\n\t\t\t\t\t\t\t\t<div class=\"elementor-element elementor-element-80505dc elementor-widget elementor-widget-heading\" data-id=\"80505dc\" data-element_type=\"widget\" data-widget_type=\"heading.default\">\n\t\t\t\t<div class=\"elementor-widget-container\">\n\t\t\t<style>\/*! elementor - v3.14.0 - 26-06-2023 *\/\n.elementor-heading-title{padding:0;margin:0;line-height:1}.elementor-widget-heading .elementor-heading-title[class*=elementor-size-]>a{color:inherit;font-size:inherit;line-height:inherit}.elementor-widget-heading .elementor-heading-title.elementor-size-small{font-size:15px}.elementor-widget-heading .elementor-heading-title.elementor-size-medium{font-size:19px}.elementor-widget-heading .elementor-heading-title.elementor-size-large{font-size:29px}.elementor-widget-heading .elementor-heading-title.elementor-size-xl{font-size:39px}.elementor-widget-heading .elementor-heading-title.elementor-size-xxl{font-size:59px}<\/style><h1 class=\"elementor-heading-title elementor-size-default\">Materiais<\/h1>\t\t<\/div>\n\t\t\t\t<\/div>\n\t\t\t\t\t<\/div>\n\t\t<\/div>\n\t\t\t\t\t\t\t<\/div>\n\t\t<\/section>\n\t\t\t\t<section class=\"elementor-section elementor-top-section elementor-element elementor-element-509ef33 elementor-section-boxed elementor-section-height-default elementor-section-height-default\" data-id=\"509ef33\" data-element_type=\"section\">\n\t\t\t\t\t\t<div class=\"elementor-container elementor-column-gap-default\">\n\t\t\t\t\t<div class=\"elementor-column elementor-col-100 elementor-top-column elementor-element elementor-element-ec59eea\" data-id=\"ec59eea\" data-element_type=\"column\">\n\t\t\t<div class=\"elementor-widget-wrap elementor-element-populated\">\n\t\t\t\t\t\t\t\t<div class=\"elementor-element elementor-element-4c04895 elementor-widget elementor-widget-html\" data-id=\"4c04895\" data-element_type=\"widget\" data-widget_type=\"html.default\">\n\t\t\t\t<div class=\"elementor-widget-container\">\n\t\t\t<div class=\"cards\">\n<\/div>\t\t<\/div>\n\t\t\t\t<\/div>\n\t\t\t\t<div class=\"elementor-element elementor-element-0150f24 elementor-widget elementor-widget-html\" data-id=\"0150f24\" data-element_type=\"widget\" data-widget_type=\"html.default\">\n\t\t\t\t<div class=\"elementor-widget-container\">\n\t\t\t<div class=\"not-found\">\n    <h3>Ainda n\u00e3o possu\u00edmos materiais publicados...<\/h3>\n<\/div>\t\t<\/div>\n\t\t\t\t<\/div>\n\t\t\t\t<div class=\"elementor-element elementor-element-7ca88df elementor-align-center elementor-widget elementor-widget-button\" data-id=\"7ca88df\" data-element_type=\"widget\" id=\"materiais-mostrar-mais\" data-widget_type=\"button.default\">\n\t\t\t\t<div class=\"elementor-widget-container\">\n\t\t\t\t\t<div class=\"elementor-button-wrapper\">\n\t\t\t<a class=\"elementor-button elementor-size-sm\" role=\"button\">\n\t\t\t\t\t\t<span class=\"elementor-button-content-wrapper\">\n\t\t\t\t\t\t<span class=\"elementor-button-text\">Mostrar mais<\/span>\n\t\t<\/span>\n\t\t\t\t\t<\/a>\n\t\t<\/div>\n\t\t\t\t<\/div>\n\t\t\t\t<\/div>\n\t\t\t\t\t<\/div>\n\t\t<\/div>\n\t\t\t\t\t\t\t<\/div>\n\t\t<\/section>\n\t\t\t\t<section class=\"elementor-section elementor-top-section elementor-element elementor-element-de8ef6b elementor-section-boxed elementor-section-height-default elementor-section-height-default\" data-id=\"de8ef6b\" data-element_type=\"section\">\n\t\t\t\t\t\t<div class=\"elementor-container elementor-column-gap-default\">\n\t\t\t\t\t<div class=\"elementor-column elementor-col-100 elementor-top-column elementor-element elementor-element-bfef7c5\" data-id=\"bfef7c5\" data-element_type=\"column\">\n\t\t\t<div class=\"elementor-widget-wrap elementor-element-populated\">\n\t\t\t\t\t\t\t\t<div class=\"elementor-element elementor-element-b767b87 elementor-widget elementor-widget-html\" data-id=\"b767b87\" data-element_type=\"widget\" data-widget_type=\"html.default\">\n\t\t\t\t<div class=\"elementor-widget-container\">\n\t\t\t<h3>Veja tamb\u00e9m:<\/h3>\t\t<\/div>\n\t\t\t\t<\/div>\n\t\t\t\t<section class=\"elementor-section elementor-inner-section elementor-element elementor-element-23dbd00 elementor-section-boxed elementor-section-height-default elementor-section-height-default\" data-id=\"23dbd00\" data-element_type=\"section\">\n\t\t\t\t\t\t<div class=\"elementor-container elementor-column-gap-default\">\n\t\t\t\t\t<div class=\"elementor-column elementor-col-50 elementor-inner-column elementor-element elementor-element-05cafe3 cta-bottom\" data-id=\"05cafe3\" data-element_type=\"column\" id=\"cta-blog\" data-settings=\"{&quot;background_background&quot;:&quot;classic&quot;}\">\n\t\t\t<div class=\"elementor-widget-wrap elementor-element-populated\">\n\t\t\t\t\t<div class=\"elementor-background-overlay\"><\/div>\n\t\t\t\t\t\t\t\t<div class=\"elementor-element elementor-element-dd900b6 elementor-widget elementor-widget-html\" data-id=\"dd900b6\" data-element_type=\"widget\" data-widget_type=\"html.default\">\n\t\t\t\t<div class=\"elementor-widget-container\">\n\t\t\t<div class=\"content\">\n    <h4>Blog<\/h4>\n    <p>Acompanhe nossos artigos em primeira m\u00e3o!<\/p>\n<\/div>\t\t<\/div>\n\t\t\t\t<\/div>\n\t\t\t\t\t<\/div>\n\t\t<\/div>\n\t\t\t\t<div class=\"elementor-column elementor-col-50 elementor-inner-column elementor-element elementor-element-0be13cf cta-bottom\" data-id=\"0be13cf\" data-element_type=\"column\" id=\"cta-newsletter\" data-settings=\"{&quot;background_background&quot;:&quot;classic&quot;}\">\n\t\t\t<div class=\"elementor-widget-wrap elementor-element-populated\">\n\t\t\t\t\t<div class=\"elementor-background-overlay\"><\/div>\n\t\t\t\t\t\t\t\t<div class=\"elementor-element elementor-element-52ab43d elementor-widget elementor-widget-html\" data-id=\"52ab43d\" data-element_type=\"widget\" data-widget_type=\"html.default\">\n\t\t\t\t<div class=\"elementor-widget-container\">\n\t\t\t<div class=\"content\">\n    <h4>Newsletter<\/h4>\n    <p>Assine e fique por dentro de todas\nas nossas novidades e conte\u00fados!<\/p>\n<\/div>\t\t<\/div>\n\t\t\t\t<\/div>\n\t\t\t\t\t<\/div>\n\t\t<\/div>\n\t\t\t\t\t\t\t<\/div>\n\t\t<\/section>\n\t\t\t\t\t<\/div>\n\t\t<\/div>\n\t\t\t\t\t\t\t<\/div>\n\t\t<\/section>\n\t\t\t\t\t\t\t<\/div>\n\t\t","protected":false},"excerpt":{"rendered":"<p>Materiais Ainda n\u00e3o possu\u00edmos materiais publicados&#8230; Mostrar mais Veja tamb\u00e9m: Blog Acompanhe nossos artigos em primeira m\u00e3o! Newsletter Assine e fique por dentro de todas as nossas novidades e conte\u00fados!<\/p>\n","protected":false},"author":1,"featured_media":177,"parent":0,"menu_order":0,"comment_status":"closed","ping_status":"closed","template":"elementor_header_footer","meta":{"footnotes":""},"class_list":["post-171","page","type-page","status-publish","has-post-thumbnail","hentry"],"acf":{"lista_de_materiais":false},"yoast_head":"<!-- This site is optimized with the Yoast SEO plugin v20.10 - https:\/\/yoast.com\/wordpress\/plugins\/seo\/ -->\n<title>Materiais - Blog - P&amp;J Prev<\/title>\n<meta name=\"robots\" content=\"index, follow, max-snippet:-1, max-image-preview:large, max-video-preview:-1\" \/>\n<link rel=\"canonical\" href=\"https:\/\/pejprev.com.br\/blog\/materiais\/\" \/>\n<meta property=\"og:locale\" content=\"pt_BR\" \/>\n<meta property=\"og:type\" content=\"article\" \/>\n<meta property=\"og:title\" content=\"Materiais - Blog - P&amp;J Prev\" \/>\n<meta property=\"og:description\" content=\"Materiais Ainda n\u00e3o possu\u00edmos materiais publicados&#8230; Mostrar mais Veja tamb\u00e9m: Blog Acompanhe nossos artigos em primeira m\u00e3o! Newsletter Assine e fique por dentro de todas as nossas novidades e conte\u00fados!\" \/>\n<meta property=\"og:url\" content=\"https:\/\/pejprev.com.br\/blog\/materiais\/\" \/>\n<meta property=\"og:site_name\" content=\"Blog - P&amp;J Prev\" \/>\n<meta property=\"article:modified_time\" content=\"2023-07-25T18:19:21+00:00\" \/>\n<meta property=\"og:image\" content=\"https:\/\/pejprev.com.br\/blog\/wp-content\/uploads\/2023\/06\/blog_materiais_topo.webp\" \/>\n\t<meta property=\"og:image:width\" content=\"1920\" \/>\n\t<meta property=\"og:image:height\" content=\"1080\" \/>\n\t<meta property=\"og:image:type\" content=\"image\/webp\" \/>\n<meta name=\"twitter:card\" content=\"summary_large_image\" \/>\n<meta name=\"twitter:label1\" content=\"Est. tempo de leitura\" \/>\n\t<meta name=\"twitter:data1\" content=\"1 minuto\" \/>\n<script type=\"application\/ld+json\" class=\"yoast-schema-graph\">{\"@context\":\"https:\/\/schema.org\",\"@graph\":[{\"@type\":\"WebPage\",\"@id\":\"https:\/\/pejprev.com.br\/blog\/materiais\/\",\"url\":\"https:\/\/pejprev.com.br\/blog\/materiais\/\",\"name\":\"Materiais - Blog - P&amp;J Prev\",\"isPartOf\":{\"@id\":\"https:\/\/pejprev.com.br\/blog\/#website\"},\"datePublished\":\"2023-06-28T11:12:56+00:00\",\"dateModified\":\"2023-07-25T18:19:21+00:00\",\"breadcrumb\":{\"@id\":\"https:\/\/pejprev.com.br\/blog\/materiais\/#breadcrumb\"},\"inLanguage\":\"pt-BR\",\"potentialAction\":[{\"@type\":\"ReadAction\",\"target\":[\"https:\/\/pejprev.com.br\/blog\/materiais\/\"]}]},{\"@type\":\"BreadcrumbList\",\"@id\":\"https:\/\/pejprev.com.br\/blog\/materiais\/#breadcrumb\",\"itemListElement\":[{\"@type\":\"ListItem\",\"position\":1,\"name\":\"In\u00edcio\",\"item\":\"https:\/\/pejprev.com.br\/blog\/\"},{\"@type\":\"ListItem\",\"position\":2,\"name\":\"Materiais\"}]},{\"@type\":\"WebSite\",\"@id\":\"https:\/\/pejprev.com.br\/blog\/#website\",\"url\":\"https:\/\/pejprev.com.br\/blog\/\",\"name\":\"Blog - P&amp;J Prev\",\"description\":\"\",\"potentialAction\":[{\"@type\":\"SearchAction\",\"target\":{\"@type\":\"EntryPoint\",\"urlTemplate\":\"https:\/\/pejprev.com.br\/blog\/?s={search_term_string}\"},\"query-input\":\"required name=search_term_string\"}],\"inLanguage\":\"pt-BR\"}]}<\/script>\n<!-- \/ Yoast SEO plugin. -->","yoast_head_json":{"title":"Materiais - Blog - P&amp;J Prev","robots":{"index":"index","follow":"follow","max-snippet":"max-snippet:-1","max-image-preview":"max-image-preview:large","max-video-preview":"max-video-preview:-1"},"canonical":"https:\/\/pejprev.com.br\/blog\/materiais\/","og_locale":"pt_BR","og_type":"article","og_title":"Materiais - Blog - P&amp;J Prev","og_description":"Materiais Ainda n\u00e3o possu\u00edmos materiais publicados&#8230; Mostrar mais Veja tamb\u00e9m: Blog Acompanhe nossos artigos em primeira m\u00e3o! Newsletter Assine e fique por dentro de todas as nossas novidades e conte\u00fados!","og_url":"https:\/\/pejprev.com.br\/blog\/materiais\/","og_site_name":"Blog - P&amp;J Prev","article_modified_time":"2023-07-25T18:19:21+00:00","og_image":[{"width":1920,"height":1080,"url":"https:\/\/pejprev.com.br\/blog\/wp-content\/uploads\/2023\/06\/blog_materiais_topo.webp","type":"image\/webp"}],"twitter_card":"summary_large_image","twitter_misc":{"Est. tempo de leitura":"1 minuto"},"schema":{"@context":"https:\/\/schema.org","@graph":[{"@type":"WebPage","@id":"https:\/\/pejprev.com.br\/blog\/materiais\/","url":"https:\/\/pejprev.com.br\/blog\/materiais\/","name":"Materiais - Blog - P&amp;J Prev","isPartOf":{"@id":"https:\/\/pejprev.com.br\/blog\/#website"},"datePublished":"2023-06-28T11:12:56+00:00","dateModified":"2023-07-25T18:19:21+00:00","breadcrumb":{"@id":"https:\/\/pejprev.com.br\/blog\/materiais\/#breadcrumb"},"inLanguage":"pt-BR","potentialAction":[{"@type":"ReadAction","target":["https:\/\/pejprev.com.br\/blog\/materiais\/"]}]},{"@type":"BreadcrumbList","@id":"https:\/\/pejprev.com.br\/blog\/materiais\/#breadcrumb","itemListElement":[{"@type":"ListItem","position":1,"name":"In\u00edcio","item":"https:\/\/pejprev.com.br\/blog\/"},{"@type":"ListItem","position":2,"name":"Materiais"}]},{"@type":"WebSite","@id":"https:\/\/pejprev.com.br\/blog\/#website","url":"https:\/\/pejprev.com.br\/blog\/","name":"Blog - P&amp;J Prev","description":"","potentialAction":[{"@type":"SearchAction","target":{"@type":"EntryPoint","urlTemplate":"https:\/\/pejprev.com.br\/blog\/?s={search_term_string}"},"query-input":"required name=search_term_string"}],"inLanguage":"pt-BR"}]}},"_links":{"self":[{"href":"https:\/\/pejprev.com.br\/blog\/wp-json\/wp\/v2\/pages\/171","targetHints":{"allow":["GET"]}}],"collection":[{"href":"https:\/\/pejprev.com.br\/blog\/wp-json\/wp\/v2\/pages"}],"about":[{"href":"https:\/\/pejprev.com.br\/blog\/wp-json\/wp\/v2\/types\/page"}],"author":[{"embeddable":true,"href":"https:\/\/pejprev.com.br\/blog\/wp-json\/wp\/v2\/users\/1"}],"replies":[{"embeddable":true,"href":"https:\/\/pejprev.com.br\/blog\/wp-json\/wp\/v2\/comments?post=171"}],"version-history":[{"count":136,"href":"https:\/\/pejprev.com.br\/blog\/wp-json\/wp\/v2\/pages\/171\/revisions"}],"predecessor-version":[{"id":451,"href":"https:\/\/pejprev.com.br\/blog\/wp-json\/wp\/v2\/pages\/171\/revisions\/451"}],"wp:featuredmedia":[{"embeddable":true,"href":"https:\/\/pejprev.com.br\/blog\/wp-json\/wp\/v2\/media\/177"}],"wp:attachment":[{"href":"https:\/\/pejprev.com.br\/blog\/wp-json\/wp\/v2\/media?parent=171"}],"curies":[{"name":"wp","href":"https:\/\/api.w.org\/{rel}","templated":true}]}}