{"id":24,"date":"2023-06-26T18:08:36","date_gmt":"2023-06-26T21:08:36","guid":{"rendered":"https:\/\/pejprev.com.br\/blog\/?page_id=24"},"modified":"2023-07-25T15:40:53","modified_gmt":"2023-07-25T18:40:53","slug":"home","status":"publish","type":"page","link":"https:\/\/pejprev.com.br\/blog\/","title":{"rendered":"Home Page"},"content":{"rendered":"\t\t<div data-elementor-type=\"wp-page\" data-elementor-id=\"24\" class=\"elementor elementor-24\" data-elementor-post-type=\"page\">\n\t\t\t\t\t\t\t\t\t<section class=\"elementor-section elementor-top-section elementor-element elementor-element-92af217 elementor-section-height-min-height elementor-section-boxed elementor-section-height-default elementor-section-items-middle\" data-id=\"92af217\" data-element_type=\"section\" data-settings=\"{&quot;background_background&quot;:&quot;gradient&quot;}\">\n\t\t\t\t\t\t\t<div class=\"elementor-background-overlay\"><\/div>\n\t\t\t\t\t\t\t<div class=\"elementor-container elementor-column-gap-default\">\n\t\t\t\t\t<div class=\"elementor-column elementor-col-100 elementor-top-column elementor-element elementor-element-5929c2f\" data-id=\"5929c2f\" data-element_type=\"column\">\n\t\t\t<div class=\"elementor-widget-wrap elementor-element-populated\">\n\t\t\t\t\t\t\t\t<div class=\"elementor-element elementor-element-9e5e1f7 elementor-widget elementor-widget-html\" data-id=\"9e5e1f7\" data-element_type=\"widget\" data-widget_type=\"html.default\">\n\t\t\t\t<div class=\"elementor-widget-container\">\n\t\t\t<h1>Blog<\/h1>\n<h2>Confira dicas e informa\u00e7\u00f5es sobre <br>o universo da maternidade!<\/h2>\t\t<\/div>\n\t\t\t\t<\/div>\n\t\t\t\t<div class=\"elementor-element elementor-element-ec1681d elementor-align-center elementor-widget elementor-widget-button\" data-id=\"ec1681d\" data-element_type=\"widget\" data-widget_type=\"button.default\">\n\t\t\t\t<div class=\"elementor-widget-container\">\n\t\t\t\t\t<div class=\"elementor-button-wrapper\">\n\t\t\t<a class=\"elementor-button elementor-button-link elementor-size-sm\" href=\"#artigos\">\n\t\t\t\t\t\t<span class=\"elementor-button-content-wrapper\">\n\t\t\t\t\t\t<span class=\"elementor-button-text\">Veja nossos conte\u00fados<\/span>\n\t\t<\/span>\n\t\t\t\t\t<\/a>\n\t\t<\/div>\n\t\t\t\t<\/div>\n\t\t\t\t<\/div>\n\t\t\t\t\t<\/div>\n\t\t<\/div>\n\t\t\t\t\t\t\t<\/div>\n\t\t<\/section>\n\t\t\t\t<section class=\"elementor-section elementor-top-section elementor-element elementor-element-9dc4d45 elementor-section-boxed elementor-section-height-default elementor-section-height-default\" data-id=\"9dc4d45\" data-element_type=\"section\" id=\"artigos\">\n\t\t\t\t\t\t<div class=\"elementor-container elementor-column-gap-default\">\n\t\t\t\t\t<div class=\"elementor-column elementor-col-100 elementor-top-column elementor-element elementor-element-5132277\" data-id=\"5132277\" data-element_type=\"column\">\n\t\t\t<div class=\"elementor-widget-wrap elementor-element-populated\">\n\t\t\t\t\t\t\t\t<div class=\"elementor-element elementor-element-0db478b elementor-widget elementor-widget-html\" data-id=\"0db478b\" data-element_type=\"widget\" data-widget_type=\"html.default\">\n\t\t\t\t<div class=\"elementor-widget-container\">\n\t\t\t<h2>Artigos<\/h2>\n<h3>Acompanhe os nossos conte\u00fados!<\/h3>\t\t<\/div>\n\t\t\t\t<\/div>\n\t\t\t\t<div class=\"elementor-element elementor-element-1d02cfa elementor-grid-3 elementor-grid-tablet-2 elementor-grid-mobile-1 elementor-posts--thumbnail-top elementor-widget elementor-widget-posts\" data-id=\"1d02cfa\" data-element_type=\"widget\" data-settings=\"{&quot;pagination_type&quot;:&quot;numbers_and_prev_next&quot;,&quot;classic_columns&quot;:&quot;3&quot;,&quot;classic_columns_tablet&quot;:&quot;2&quot;,&quot;classic_columns_mobile&quot;:&quot;1&quot;,&quot;classic_row_gap&quot;:{&quot;unit&quot;:&quot;px&quot;,&quot;size&quot;:35,&quot;sizes&quot;:[]},&quot;classic_row_gap_tablet&quot;:{&quot;unit&quot;:&quot;px&quot;,&quot;size&quot;:&quot;&quot;,&quot;sizes&quot;:[]},&quot;classic_row_gap_mobile&quot;:{&quot;unit&quot;:&quot;px&quot;,&quot;size&quot;:&quot;&quot;,&quot;sizes&quot;:[]}}\" data-widget_type=\"posts.classic\">\n\t\t\t\t<div class=\"elementor-widget-container\">\n\t\t\t<link rel=\"stylesheet\" href=\"https:\/\/pejprev.com.br\/blog\/wp-content\/plugins\/elementor-pro\/assets\/css\/widget-posts.min.css\">\t\t<div class=\"elementor-posts-container elementor-posts elementor-posts--skin-classic elementor-grid\">\n\t\t\t\t<article class=\"elementor-post elementor-grid-item post-477 post type-post status-publish format-standard has-post-thumbnail hentry category-informativos tag-empresa-de-salario-maternidade\">\n\t\t\t\t<a class=\"elementor-post__thumbnail__link\" href=\"https:\/\/pejprev.com.br\/blog\/artigo\/empresa-de-salario-maternidade\/\" >\n\t\t\t<div class=\"elementor-post__thumbnail\"><img loading=\"lazy\" decoding=\"async\" width=\"300\" height=\"127\" src=\"https:\/\/pejprev.com.br\/blog\/wp-content\/uploads\/2023\/10\/8ls7vzGA-300x127.png\" class=\"attachment-medium size-medium wp-image-478\" alt=\"Empresa de sal\u00e1rio maternidade\" srcset=\"https:\/\/pejprev.com.br\/blog\/wp-content\/uploads\/2023\/10\/8ls7vzGA-300x127.png 300w, https:\/\/pejprev.com.br\/blog\/wp-content\/uploads\/2023\/10\/8ls7vzGA-1024x432.png 1024w, https:\/\/pejprev.com.br\/blog\/wp-content\/uploads\/2023\/10\/8ls7vzGA-768x324.png 768w, https:\/\/pejprev.com.br\/blog\/wp-content\/uploads\/2023\/10\/8ls7vzGA-1536x648.png 1536w, https:\/\/pejprev.com.br\/blog\/wp-content\/uploads\/2023\/10\/8ls7vzGA.png 1920w\" sizes=\"auto, (max-width: 300px) 100vw, 300px\" \/><\/div>\n\t\t<\/a>\n\t\t\t\t<div class=\"elementor-post__text\">\n\t\t\t\t<h3 class=\"elementor-post__title\">\n\t\t\t<a href=\"https:\/\/pejprev.com.br\/blog\/artigo\/empresa-de-salario-maternidade\/\" >\n\t\t\t\tEmpresa de sal\u00e1rio-maternidade: saiba como a P&amp;J Prev pode ajudar voc\u00ea a garantir esse benef\u00edcio\t\t\t<\/a>\n\t\t<\/h3>\n\t\t\t\t<div class=\"elementor-post__excerpt\">\n\t\t\t<p>Vai dar entrada no seu sal\u00e1rio-maternidade, mas n\u00e3o faz ideia do que fazer? Est\u00e1 com d\u00favidas e n\u00e3o tem certeza de como garantir esse benef\u00edcio?<\/p>\n\t\t<\/div>\n\t\t\n\t\t<a class=\"elementor-post__read-more\" href=\"https:\/\/pejprev.com.br\/blog\/artigo\/empresa-de-salario-maternidade\/\" aria-label=\"Leia mais sobre Empresa de sal\u00e1rio-maternidade: saiba como a P&amp;J Prev pode ajudar voc\u00ea a garantir esse benef\u00edcio\" >\n\t\t\tLeia mais\t\t<\/a>\n\n\t\t\t\t<\/div>\n\t\t\t\t<\/article>\n\t\t\t\t<article class=\"elementor-post elementor-grid-item post-466 post type-post status-publish format-standard has-post-thumbnail hentry category-sem-categoria\">\n\t\t\t\t<a class=\"elementor-post__thumbnail__link\" href=\"https:\/\/pejprev.com.br\/blog\/artigo\/como-saber-se-tenho-direito-ao-salario-maternidade\/\" >\n\t\t\t<div class=\"elementor-post__thumbnail\"><img loading=\"lazy\" decoding=\"async\" width=\"300\" height=\"127\" src=\"https:\/\/pejprev.com.br\/blog\/wp-content\/uploads\/2023\/10\/como-saber-se-tenho-direito-ao-salario-maternidade-300x127.png\" class=\"attachment-medium size-medium wp-image-467\" alt=\"foto de uma menina dando um beijo na bochecha da sua m\u00e3e.\" srcset=\"https:\/\/pejprev.com.br\/blog\/wp-content\/uploads\/2023\/10\/como-saber-se-tenho-direito-ao-salario-maternidade-300x127.png 300w, https:\/\/pejprev.com.br\/blog\/wp-content\/uploads\/2023\/10\/como-saber-se-tenho-direito-ao-salario-maternidade-1024x432.png 1024w, https:\/\/pejprev.com.br\/blog\/wp-content\/uploads\/2023\/10\/como-saber-se-tenho-direito-ao-salario-maternidade-768x324.png 768w, https:\/\/pejprev.com.br\/blog\/wp-content\/uploads\/2023\/10\/como-saber-se-tenho-direito-ao-salario-maternidade-1536x648.png 1536w, https:\/\/pejprev.com.br\/blog\/wp-content\/uploads\/2023\/10\/como-saber-se-tenho-direito-ao-salario-maternidade.png 1920w\" sizes=\"auto, (max-width: 300px) 100vw, 300px\" \/><\/div>\n\t\t<\/a>\n\t\t\t\t<div class=\"elementor-post__text\">\n\t\t\t\t<h3 class=\"elementor-post__title\">\n\t\t\t<a href=\"https:\/\/pejprev.com.br\/blog\/artigo\/como-saber-se-tenho-direito-ao-salario-maternidade\/\" >\n\t\t\t\t\u201cComo saber se tenho direito ao sal\u00e1rio-maternidade?\u201d Entenda quais s\u00e3o os requisitos necess\u00e1rios para obter o benef\u00edcio.\t\t\t<\/a>\n\t\t<\/h3>\n\t\t\t\t<div class=\"elementor-post__excerpt\">\n\t\t\t<p>O sal\u00e1rio-maternidade \u00e9 um benef\u00edcio para toda mulher que est\u00e1 esperando um beb\u00ea, realizou o processo de ado\u00e7\u00e3o ou tem um filho de at\u00e9 quatro<\/p>\n\t\t<\/div>\n\t\t\n\t\t<a class=\"elementor-post__read-more\" href=\"https:\/\/pejprev.com.br\/blog\/artigo\/como-saber-se-tenho-direito-ao-salario-maternidade\/\" aria-label=\"Leia mais sobre \u201cComo saber se tenho direito ao sal\u00e1rio-maternidade?\u201d Entenda quais s\u00e3o os requisitos necess\u00e1rios para obter o benef\u00edcio.\" >\n\t\t\tLeia mais\t\t<\/a>\n\n\t\t\t\t<\/div>\n\t\t\t\t<\/article>\n\t\t\t\t<\/div>\n\t\t\n\t\t\t\t<\/div>\n\t\t\t\t<\/div>\n\t\t\t\t\t<\/div>\n\t\t<\/div>\n\t\t\t\t\t\t\t<\/div>\n\t\t<\/section>\n\t\t\t\t<section class=\"elementor-section elementor-top-section elementor-element elementor-element-64f7fb5 elementor-section-boxed elementor-section-height-default elementor-section-height-default\" data-id=\"64f7fb5\" data-element_type=\"section\" data-settings=\"{&quot;background_background&quot;:&quot;gradient&quot;}\">\n\t\t\t\t\t\t<div class=\"elementor-container elementor-column-gap-default\">\n\t\t\t\t\t<div class=\"elementor-column elementor-col-100 elementor-top-column elementor-element elementor-element-2b50ef0\" data-id=\"2b50ef0\" data-element_type=\"column\">\n\t\t\t<div class=\"elementor-widget-wrap elementor-element-populated\">\n\t\t\t\t\t\t\t\t<div class=\"elementor-element elementor-element-dccfa3c elementor-widget elementor-widget-html\" data-id=\"dccfa3c\" data-element_type=\"widget\" data-widget_type=\"html.default\">\n\t\t\t\t<div class=\"elementor-widget-container\">\n\t\t\t<h2>Assine a nossa newsletter!<\/h2>\n<h3>Quer receber dicas, tend\u00eancias e atualiza\u00e7\u00f5es sobre aux\u00edlio-maternidade? Inscreva-se na nossa newsletter!<\/h3>\t\t<\/div>\n\t\t\t\t<\/div>\n\t\t\t\t<div class=\"elementor-element elementor-element-03a3ad6 elementor-align-center elementor-widget elementor-widget-button\" data-id=\"03a3ad6\" data-element_type=\"widget\" data-widget_type=\"button.default\">\n\t\t\t\t<div class=\"elementor-widget-container\">\n\t\t\t\t\t<div class=\"elementor-button-wrapper\">\n\t\t\t<a class=\"elementor-button elementor-button-link elementor-size-sm\" href=\"#newsletter\">\n\t\t\t\t\t\t<span class=\"elementor-button-content-wrapper\">\n\t\t\t\t\t\t<span class=\"elementor-button-text\">Quero assinar!<\/span>\n\t\t<\/span>\n\t\t\t\t\t<\/a>\n\t\t<\/div>\n\t\t\t\t<\/div>\n\t\t\t\t<\/div>\n\t\t\t\t\t<\/div>\n\t\t<\/div>\n\t\t\t\t\t\t\t<\/div>\n\t\t<\/section>\n\t\t\t\t<section class=\"elementor-section elementor-top-section elementor-element elementor-element-2e9d90e elementor-section-boxed elementor-section-height-default elementor-section-height-default\" data-id=\"2e9d90e\" data-element_type=\"section\">\n\t\t\t\t\t\t<div class=\"elementor-container elementor-column-gap-default\">\n\t\t\t\t\t<div class=\"elementor-column elementor-col-100 elementor-top-column elementor-element elementor-element-41e4d54\" data-id=\"41e4d54\" data-element_type=\"column\">\n\t\t\t<div class=\"elementor-widget-wrap elementor-element-populated\">\n\t\t\t\t\t\t\t\t<div class=\"elementor-element elementor-element-e8baa9b elementor-widget elementor-widget-html\" data-id=\"e8baa9b\" data-element_type=\"widget\" data-widget_type=\"html.default\">\n\t\t\t\t<div class=\"elementor-widget-container\">\n\t\t\t<h2>Categorias<\/h2>\n<h3>Encontre o conte\u00fado ideal para a fase que voc\u00ea est\u00e1 vivendo!<\/h3>\t\t<\/div>\n\t\t\t\t<\/div>\n\t\t\t\t<div class=\"elementor-element elementor-element-5ea17c2 elementor-widget elementor-widget-html\" data-id=\"5ea17c2\" data-element_type=\"widget\" data-widget_type=\"html.default\">\n\t\t\t\t<div class=\"elementor-widget-container\">\n\t\t\t<div class=\"categorias\"><\/div>\t\t<\/div>\n\t\t\t\t<\/div>\n\t\t\t\t\t<\/div>\n\t\t<\/div>\n\t\t\t\t\t\t\t<\/div>\n\t\t<\/section>\n\t\t\t\t\t\t\t<\/div>\n\t\t","protected":false},"excerpt":{"rendered":"<p>Blog Confira dicas e informa\u00e7\u00f5es sobre o universo da maternidade! Veja nossos conte\u00fados Artigos Acompanhe os nossos conte\u00fados! Assine a nossa newsletter! Quer receber dicas, tend\u00eancias e atualiza\u00e7\u00f5es sobre aux\u00edlio-maternidade? Inscreva-se na nossa newsletter! Quero assinar! Categorias Encontre o conte\u00fado ideal para a fase que voc\u00ea est\u00e1 vivendo!<\/p>\n","protected":false},"author":1,"featured_media":26,"parent":0,"menu_order":0,"comment_status":"closed","ping_status":"closed","template":"elementor_header_footer","meta":{"footnotes":""},"class_list":["post-24","page","type-page","status-publish","has-post-thumbnail","hentry"],"acf":[],"yoast_head":"<!-- This site is optimized with the Yoast SEO plugin v20.10 - https:\/\/yoast.com\/wordpress\/plugins\/seo\/ -->\n<title>Home Page - Blog - P&amp;J Prev<\/title>\n<meta name=\"robots\" content=\"index, follow, max-snippet:-1, max-image-preview:large, max-video-preview:-1\" \/>\n<link rel=\"canonical\" href=\"https:\/\/pejprev.com.br\/blog\/\" \/>\n<meta property=\"og:locale\" content=\"pt_BR\" \/>\n<meta property=\"og:type\" content=\"article\" \/>\n<meta property=\"og:title\" content=\"Home Page - Blog - P&amp;J Prev\" \/>\n<meta property=\"og:description\" content=\"Blog Confira dicas e informa\u00e7\u00f5es sobre o universo da maternidade! Veja nossos conte\u00fados Artigos Acompanhe os nossos conte\u00fados! Assine a nossa newsletter! Quer receber dicas, tend\u00eancias e atualiza\u00e7\u00f5es sobre aux\u00edlio-maternidade? Inscreva-se na nossa newsletter! Quero assinar! Categorias Encontre o conte\u00fado ideal para a fase que voc\u00ea est\u00e1 vivendo!\" \/>\n<meta property=\"og:url\" content=\"https:\/\/pejprev.com.br\/blog\/\" \/>\n<meta property=\"og:site_name\" content=\"Blog - P&amp;J Prev\" \/>\n<meta property=\"article:modified_time\" content=\"2023-07-25T18:40:53+00:00\" \/>\n<meta property=\"og:image\" content=\"https:\/\/pejprev.com.br\/blog\/wp-content\/uploads\/2023\/06\/blog_home_topo.webp\" \/>\n\t<meta property=\"og:image:width\" content=\"1920\" \/>\n\t<meta property=\"og:image:height\" content=\"1080\" \/>\n\t<meta property=\"og:image:type\" content=\"image\/webp\" \/>\n<meta name=\"twitter:card\" content=\"summary_large_image\" \/>\n<meta name=\"twitter:label1\" content=\"Est. tempo de leitura\" \/>\n\t<meta name=\"twitter:data1\" content=\"1 minuto\" \/>\n<script type=\"application\/ld+json\" class=\"yoast-schema-graph\">{\"@context\":\"https:\/\/schema.org\",\"@graph\":[{\"@type\":\"WebPage\",\"@id\":\"https:\/\/pejprev.com.br\/blog\/\",\"url\":\"https:\/\/pejprev.com.br\/blog\/\",\"name\":\"Home Page - Blog - P&amp;J Prev\",\"isPartOf\":{\"@id\":\"https:\/\/pejprev.com.br\/blog\/#website\"},\"datePublished\":\"2023-06-26T21:08:36+00:00\",\"dateModified\":\"2023-07-25T18:40:53+00:00\",\"breadcrumb\":{\"@id\":\"https:\/\/pejprev.com.br\/blog\/#breadcrumb\"},\"inLanguage\":\"pt-BR\",\"potentialAction\":[{\"@type\":\"ReadAction\",\"target\":[\"https:\/\/pejprev.com.br\/blog\/\"]}]},{\"@type\":\"BreadcrumbList\",\"@id\":\"https:\/\/pejprev.com.br\/blog\/#breadcrumb\",\"itemListElement\":[{\"@type\":\"ListItem\",\"position\":1,\"name\":\"In\u00edcio\",\"item\":\"https:\/\/pejprev.com.br\/blog\/\"},{\"@type\":\"ListItem\",\"position\":2,\"name\":\"Home Page\"}]},{\"@type\":\"WebSite\",\"@id\":\"https:\/\/pejprev.com.br\/blog\/#website\",\"url\":\"https:\/\/pejprev.com.br\/blog\/\",\"name\":\"Blog - P&amp;J Prev\",\"description\":\"\",\"potentialAction\":[{\"@type\":\"SearchAction\",\"target\":{\"@type\":\"EntryPoint\",\"urlTemplate\":\"https:\/\/pejprev.com.br\/blog\/?s={search_term_string}\"},\"query-input\":\"required name=search_term_string\"}],\"inLanguage\":\"pt-BR\"}]}<\/script>\n<!-- \/ Yoast SEO plugin. -->","yoast_head_json":{"title":"Home Page - Blog - P&amp;J Prev","robots":{"index":"index","follow":"follow","max-snippet":"max-snippet:-1","max-image-preview":"max-image-preview:large","max-video-preview":"max-video-preview:-1"},"canonical":"https:\/\/pejprev.com.br\/blog\/","og_locale":"pt_BR","og_type":"article","og_title":"Home Page - Blog - P&amp;J Prev","og_description":"Blog Confira dicas e informa\u00e7\u00f5es sobre o universo da maternidade! Veja nossos conte\u00fados Artigos Acompanhe os nossos conte\u00fados! Assine a nossa newsletter! Quer receber dicas, tend\u00eancias e atualiza\u00e7\u00f5es sobre aux\u00edlio-maternidade? Inscreva-se na nossa newsletter! Quero assinar! Categorias Encontre o conte\u00fado ideal para a fase que voc\u00ea est\u00e1 vivendo!","og_url":"https:\/\/pejprev.com.br\/blog\/","og_site_name":"Blog - P&amp;J Prev","article_modified_time":"2023-07-25T18:40:53+00:00","og_image":[{"width":1920,"height":1080,"url":"https:\/\/pejprev.com.br\/blog\/wp-content\/uploads\/2023\/06\/blog_home_topo.webp","type":"image\/webp"}],"twitter_card":"summary_large_image","twitter_misc":{"Est. tempo de leitura":"1 minuto"},"schema":{"@context":"https:\/\/schema.org","@graph":[{"@type":"WebPage","@id":"https:\/\/pejprev.com.br\/blog\/","url":"https:\/\/pejprev.com.br\/blog\/","name":"Home Page - Blog - P&amp;J Prev","isPartOf":{"@id":"https:\/\/pejprev.com.br\/blog\/#website"},"datePublished":"2023-06-26T21:08:36+00:00","dateModified":"2023-07-25T18:40:53+00:00","breadcrumb":{"@id":"https:\/\/pejprev.com.br\/blog\/#breadcrumb"},"inLanguage":"pt-BR","potentialAction":[{"@type":"ReadAction","target":["https:\/\/pejprev.com.br\/blog\/"]}]},{"@type":"BreadcrumbList","@id":"https:\/\/pejprev.com.br\/blog\/#breadcrumb","itemListElement":[{"@type":"ListItem","position":1,"name":"In\u00edcio","item":"https:\/\/pejprev.com.br\/blog\/"},{"@type":"ListItem","position":2,"name":"Home Page"}]},{"@type":"WebSite","@id":"https:\/\/pejprev.com.br\/blog\/#website","url":"https:\/\/pejprev.com.br\/blog\/","name":"Blog - P&amp;J Prev","description":"","potentialAction":[{"@type":"SearchAction","target":{"@type":"EntryPoint","urlTemplate":"https:\/\/pejprev.com.br\/blog\/?s={search_term_string}"},"query-input":"required name=search_term_string"}],"inLanguage":"pt-BR"}]}},"_links":{"self":[{"href":"https:\/\/pejprev.com.br\/blog\/wp-json\/wp\/v2\/pages\/24","targetHints":{"allow":["GET"]}}],"collection":[{"href":"https:\/\/pejprev.com.br\/blog\/wp-json\/wp\/v2\/pages"}],"about":[{"href":"https:\/\/pejprev.com.br\/blog\/wp-json\/wp\/v2\/types\/page"}],"author":[{"embeddable":true,"href":"https:\/\/pejprev.com.br\/blog\/wp-json\/wp\/v2\/users\/1"}],"replies":[{"embeddable":true,"href":"https:\/\/pejprev.com.br\/blog\/wp-json\/wp\/v2\/comments?post=24"}],"version-history":[{"count":66,"href":"https:\/\/pejprev.com.br\/blog\/wp-json\/wp\/v2\/pages\/24\/revisions"}],"predecessor-version":[{"id":455,"href":"https:\/\/pejprev.com.br\/blog\/wp-json\/wp\/v2\/pages\/24\/revisions\/455"}],"wp:featuredmedia":[{"embeddable":true,"href":"https:\/\/pejprev.com.br\/blog\/wp-json\/wp\/v2\/media\/26"}],"wp:attachment":[{"href":"https:\/\/pejprev.com.br\/blog\/wp-json\/wp\/v2\/media?parent=24"}],"curies":[{"name":"wp","href":"https:\/\/api.w.org\/{rel}","templated":true}]}}